{"id":10601,"date":"2019-10-23T11:11:52","date_gmt":"2019-10-23T10:11:52","guid":{"rendered":"http:\/\/huete.org\/wp\/?page_id=10601"},"modified":"2019-12-14T00:03:14","modified_gmt":"2019-12-13T23:03:14","slug":"saluda-del-alcalde","status":"publish","type":"page","link":"https:\/\/www.huete.org\/wp\/saluda-del-alcalde\/","title":{"rendered":"Saluda del Alcalde"},"content":{"rendered":"<p style=\"text-align: center;\"><a href=\"https:\/\/www.huete.org\/wp\/wp-content\/uploads\/2019\/10\/toma_posesion5.jpg\"><img decoding=\"async\" class=\"aligncenter wp-image-10613\" src=\"https:\/\/www.huete.org\/wp\/wp-content\/uploads\/2019\/10\/toma_posesion5-1024x944.jpg\" alt=\"\" width=\"184\" height=\"169\" srcset=\"https:\/\/www.huete.org\/wp\/wp-content\/uploads\/2019\/10\/toma_posesion5-1024x944.jpg 1024w, https:\/\/www.huete.org\/wp\/wp-content\/uploads\/2019\/10\/toma_posesion5-300x276.jpg 300w, https:\/\/www.huete.org\/wp\/wp-content\/uploads\/2019\/10\/toma_posesion5-768x708.jpg 768w, https:\/\/www.huete.org\/wp\/wp-content\/uploads\/2019\/10\/toma_posesion5.jpg 1031w\" sizes=\"(max-width: 184px) 100vw, 184px\" \/><\/a><\/p>\n<p>&nbsp;&nbsp;&nbsp;&nbsp;&nbsp;&nbsp;&nbsp;&nbsp; Siempre he pensado que cuantos m\u00e1s medios pongamos a disposici\u00f3n del ciudadano para relacionarse con su Ayuntamiento y para mantenerlo informado mucho mejor, y las tecnolog\u00edas son las grandes aliadas que utilizamos para este cometido en el Ayuntamiento de Huete.<\/p>\n<p>&nbsp;&nbsp;&nbsp;&nbsp;&nbsp;&nbsp;&nbsp;&nbsp; Uno de estos medios es nuestra web municipal, que renovamos hace unos meses, que recoge la informaci\u00f3n municipal y datos de inter\u00e9s de Huete y pedan\u00edas, y que mantenemos din\u00e1mica y en constante actualizaci\u00f3n. Con ella abrimos nuestro municipio al mundo, su actualidad, documentaci\u00f3n y los asuntos locales, y con la nueva web de turismo (<a href=\"http:\/\/turismohuete.com\" target=\"_blank\" rel=\"noopener\"><strong>turismohuete.com<\/strong><\/a>) ense\u00f1amos nuestra monumental ciudad y pedan\u00edas mostrando su atractivo encanto con sus monumentos y sus museos, con la informaci\u00f3n necesaria para los visitantes, y con la oferta tur\u00edstica que Huete ofrece de forma accesible y cercana.<\/p>\n<p>&nbsp;&nbsp;&nbsp;&nbsp;&nbsp;&nbsp;&nbsp;&nbsp; La nueva web oficial del Ayuntamiento que est\u00e1s visualizando, por un lado, moderniza su tecnolog\u00eda y dise\u00f1o para dar m\u00e1s protagonismo a las noticias y anuncios que se publican a diario, y por otro lado aglutina y actualiza los contenidos de informaci\u00f3n municipal, como son la publicaci\u00f3n de las actas de los plenos, ordenanzas municipales, servicios y dependencias municipales, corporaci\u00f3n municipal, etc. Adem\u00e1s de ser ya una verdadera hemeroteca de la historia contempor\u00e1nea de Huete.<\/p>\n<p>&nbsp;&nbsp;&nbsp;&nbsp;&nbsp;&nbsp;&nbsp;&nbsp; Pero la interacci\u00f3n del Ayuntamiento con las personas va m\u00e1s all\u00e1 gracias a <a href=\"https:\/\/huete.sedelectronica.es\/\" target=\"_blank\" rel=\"noopener noreferrer\"><strong>nuestra sede electr\u00f3nica<\/strong><\/a>, donde cualquier vecino puede presentar instancias y acceder a tr\u00e1mites municipales con las mismas garant\u00edas que haci\u00e9ndolo de forma presencial, porque queremos una Administraci\u00f3n Local m\u00e1s \u00e1gil, eficaz, transparente y cercana al ciudadano.<\/p>\n<p>&nbsp;&nbsp;&nbsp;&nbsp;&nbsp;&nbsp;&nbsp;&nbsp; Estructuramos los recursos digitales de los que dispone el Ayuntamiento para ofrecer distintas formas de relacionarse con el ayuntamiento y mantenerse informado. Esta web se complementa, adem\u00e1s de con la mencionada sede electr\u00f3nica, con los diferentes sistemas digitales de informaci\u00f3n al ciudadano como son la <a href=\"https:\/\/www.huete.org\/wp\/?p=4615\" target=\"_blank\" rel=\"noopener noreferrer\"><strong>App Huete Informa<\/strong><\/a>, el sistema de <strong>alertas al email<\/strong>, y las redes sociales (<a href=\"https:\/\/www.facebook.com\/AyuntamientodeHuete\/\" target=\"_blank\" rel=\"noopener noreferrer\"><strong>Facebook<\/strong><\/a> y <a href=\"https:\/\/twitter.com\/InfoHuete\" target=\"_blank\" rel=\"noopener noreferrer\"><strong>twitter<\/strong><\/a>), que enlazan con esta web municipal.<\/p>\n<p>&nbsp;&nbsp;&nbsp;&nbsp;&nbsp;&nbsp;&nbsp;&nbsp; Todo ello sin dejar de utilizar los tablones de anuncios f\u00edsicos del municipio, para mantener informados a los que no disponen de medios digitales.<\/p>\n<p>&nbsp;&nbsp;&nbsp;&nbsp;&nbsp;&nbsp;&nbsp;&nbsp; Desde el Ayuntamiento de Huete otorgamos una gran importancia a las tecnolog\u00edas como una de las herramientas a tener en cuenta para el futuro del medio rural. Por eso nuestra apuesta como instrumento de mejora, modernizaci\u00f3n y herramienta de promoci\u00f3n econ\u00f3mica. Las tecnolog\u00edas son una de las esperanzas de repoblaci\u00f3n para los pueblos rurales al permitir la deslocalizaci\u00f3n del trabajo, del tratamiento e intercambio de informaci\u00f3n, y de las gestiones, tr\u00e1mites y prestaci\u00f3n de servicios a los usuarios. Nos igualan a las personas en capacidades, por eso seguiremos trabajando en que Huete est\u00e9 a la vanguardia y apueste por el sector tecnol\u00f3gico.<\/p>\n<p>&nbsp;<\/p>\n<p><strong>Francisco Javier Dom\u00e9nech Mart\u00ednez<\/strong><\/p>\n<p><em>Alcalde de la Ciudad de Huete<\/em><\/p>\n","protected":false},"excerpt":{"rendered":"<p>&nbsp;&nbsp;&nbsp;&nbsp;&nbsp;&nbsp;&nbsp;&nbsp; Siempre he pensado que cuantos m\u00e1s medios pongamos a disposici\u00f3n del ciudadano para relacionarse con su Ayuntamiento<\/p>\n","protected":false},"author":1,"featured_media":0,"parent":0,"menu_order":0,"comment_status":"closed","ping_status":"closed","template":"","meta":{"ngg_post_thumbnail":0,"footnotes":""},"class_list":["post-10601","page","type-page","status-publish","hentry"],"_links":{"self":[{"href":"https:\/\/www.huete.org\/wp\/wp-json\/wp\/v2\/pages\/10601","targetHints":{"allow":["GET"]}}],"collection":[{"href":"https:\/\/www.huete.org\/wp\/wp-json\/wp\/v2\/pages"}],"about":[{"href":"https:\/\/www.huete.org\/wp\/wp-json\/wp\/v2\/types\/page"}],"author":[{"embeddable":true,"href":"https:\/\/www.huete.org\/wp\/wp-json\/wp\/v2\/users\/1"}],"replies":[{"embeddable":true,"href":"https:\/\/www.huete.org\/wp\/wp-json\/wp\/v2\/comments?post=10601"}],"version-history":[{"count":5,"href":"https:\/\/www.huete.org\/wp\/wp-json\/wp\/v2\/pages\/10601\/revisions"}],"predecessor-version":[{"id":11131,"href":"https:\/\/www.huete.org\/wp\/wp-json\/wp\/v2\/pages\/10601\/revisions\/11131"}],"wp:attachment":[{"href":"https:\/\/www.huete.org\/wp\/wp-json\/wp\/v2\/media?parent=10601"}],"curies":[{"name":"wp","href":"https:\/\/api.w.org\/{rel}","templated":true}]}}