{"id":8616,"date":"2019-01-09T14:27:47","date_gmt":"2019-01-09T13:27:47","guid":{"rendered":"http:\/\/huete.org\/wp\/?page_id=8616"},"modified":"2025-02-17T16:58:19","modified_gmt":"2025-02-17T15:58:19","slug":"corporacion-municipal","status":"publish","type":"page","link":"https:\/\/www.huete.org\/wp\/corporacion-municipal\/","title":{"rendered":"Corporaci\u00f3n Municipal de Huete"},"content":{"rendered":"<p><strong>ALCALDE-PRESIDENTE:<\/strong><\/p>\n<p><a href=\"https:\/\/www.huete.org\/wp\/?page_id=8785\" rel=\"noopener noreferrer\"><em><strong>Francisco Javier Dom\u00e9nech Mart\u00ednez<\/strong><\/em><\/a><\/p>\n<p><a href=\"https:\/\/www.huete.org\/wp\/?page_id=8785\" target=\"_blank\" rel=\"noopener\"><img decoding=\"async\" class=\"wp-image-17921 alignleft\" src=\"https:\/\/www.huete.org\/wp\/wp-content\/uploads\/2023\/09\/2020-fran-domenech_reduc.jpg\" alt=\"\" width=\"202\" height=\"202\" srcset=\"https:\/\/www.huete.org\/wp\/wp-content\/uploads\/2023\/09\/2020-fran-domenech_reduc.jpg 300w, https:\/\/www.huete.org\/wp\/wp-content\/uploads\/2023\/09\/2020-fran-domenech_reduc-150x150.jpg 150w\" sizes=\"(max-width: 202px) 100vw, 202px\" \/><\/a><\/p>\n<p>Contacta por email: <a href=\"mailto:alcalde@huete.org\">alcalde@huete.org<\/a>;\u00a0 <a href=\"mailto:frandomenech@huete.org\" target=\"_blank\" rel=\"noopener noreferrer\">frandomenech@huete.org<\/a><\/p>\n<p>Twitter: <a href=\"https:\/\/twitter.com\/fran_domenech\" target=\"_blank\" rel=\"noopener noreferrer\">@fran_domenech<\/a><\/p>\n<p>Facebook: <a href=\"http:\/\/fb.me\/frandomenech\" target=\"_blank\" rel=\"noopener\">fb.me\/frandomenech<\/a><\/p>\n<p>Instagram: <a href=\"https:\/\/www.instagram.com\/fran_domenech2\/\" target=\"_blank\" rel=\"noopener noreferrer\">@fran_domenech2<\/a><\/p>\n<p>YouTube: <a href=\"http:\/\/youtube.com\/user\/frandomenech2\" target=\"_blank\" rel=\"noopener noreferrer\">youtube.com\/user\/frandomenech2<\/a><\/p>\n<p>&nbsp;<\/p>\n<p>&nbsp;<\/p>\n<p><strong>CONCEJALES DE GOBIERNO (GRUPO POPULAR):\u00a0<\/strong><\/p>\n<p>&nbsp;<\/p>\n<p><a href=\"https:\/\/www.huete.org\/wp\/?page_id=8789\"><img decoding=\"async\" class=\"wp-image-17891 alignleft\" src=\"https:\/\/www.huete.org\/wp\/wp-content\/uploads\/2023\/09\/2023-alejandra-palomar.jpg\" alt=\"\" width=\"142\" height=\"142\" srcset=\"https:\/\/www.huete.org\/wp\/wp-content\/uploads\/2023\/09\/2023-alejandra-palomar.jpg 296w, https:\/\/www.huete.org\/wp\/wp-content\/uploads\/2023\/09\/2023-alejandra-palomar-150x150.jpg 150w\" sizes=\"(max-width: 142px) 100vw, 142px\" \/><\/a><\/p>\n<p><b>Concejal de Cultura, Turismo, Deportes, y Festejos: <\/b><\/p>\n<p><em><strong><a href=\"https:\/\/www.huete.org\/wp\/?page_id=8789\" rel=\"noopener\">Alejandra Palomar Palomar<\/a><\/strong><\/em><\/p>\n<p>Contacta por e-mal: <a href=\"mailto:actividades@huete.org\" target=\"_blank\" rel=\"noopener noreferrer\">actividades@huete.org<\/a><\/p>\n<p>&nbsp;<\/p>\n<p>&nbsp;<\/p>\n<p><a href=\"https:\/\/www.huete.org\/wp\/?page_id=8787\"><img decoding=\"async\" class=\"wp-image-17888 alignleft\" src=\"https:\/\/www.huete.org\/wp\/wp-content\/uploads\/2023\/09\/2023-evelio-buendia.jpg\" alt=\"\" width=\"140\" height=\"142\" \/><\/a><\/p>\n<p><b>Concejal de Obras, Patrimonio y Servicios Municipales:<\/b><\/p>\n<p><em><strong><a href=\"https:\/\/www.huete.org\/wp\/?page_id=8787\" rel=\"noopener\">Evelio Buend\u00eda L\u00f3pez<\/a><\/strong><\/em><\/p>\n<p>Contacta por e-mail: <a href=\"mailto:obras@huete.org\" target=\"_blank\" rel=\"noopener\">obras@huete.org<\/a><\/p>\n<p>&nbsp;<\/p>\n<p>&nbsp;<\/p>\n<p><a href=\"https:\/\/www.huete.org\/wp\/?page_id=8783\"><img loading=\"lazy\" decoding=\"async\" class=\"wp-image-17895 alignleft\" src=\"https:\/\/www.huete.org\/wp\/wp-content\/uploads\/2023\/09\/2023-maria-angeles-hernansaiz.jpg\" alt=\"\" width=\"142\" height=\"142\" srcset=\"https:\/\/www.huete.org\/wp\/wp-content\/uploads\/2023\/09\/2023-maria-angeles-hernansaiz.jpg 296w, https:\/\/www.huete.org\/wp\/wp-content\/uploads\/2023\/09\/2023-maria-angeles-hernansaiz-150x150.jpg 150w\" sizes=\"(max-width: 142px) 100vw, 142px\" \/><\/a><\/p>\n<p><strong>Concejal de Asuntos Sociales y Educaci\u00f3n: <\/strong><\/p>\n<p><a href=\"https:\/\/www.huete.org\/wp\/?page_id=8783\" rel=\"noopener\"><em><strong>Mar\u00eda de los \u00c1ngeles Hernans\u00e1iz Serrano<\/strong><\/em><\/a><\/p>\n<p>Contacta por e-mail: <a href=\"mailto:sociales@huete.org\" target=\"_blank\" rel=\"noopener\">sociales@huete.org<\/a><\/p>\n<p>&nbsp;<\/p>\n<p>&nbsp;<\/p>\n<p><a href=\"https:\/\/www.huete.org\/wp\/?page_id=8791\"><img loading=\"lazy\" decoding=\"async\" class=\"wp-image-17885 alignleft\" src=\"https:\/\/www.huete.org\/wp\/wp-content\/uploads\/2024\/05\/2024-fran-baquero-150x150.jpg\" alt=\"\" width=\"140\" height=\"142\" \/><\/a><\/p>\n<p><b>Concejal de Promoci\u00f3n Econ\u00f3mica, Agricultura, Tecnolog\u00edas y Reto Demogr\u00e1fico:<\/b><\/p>\n<p><a href=\"https:\/\/www.huete.org\/wp\/?page_id=8791\" rel=\"noopener noreferrer\"><em><strong>Francisco Javier Baquero L\u00f3pez<\/strong><\/em><\/a><\/p>\n<p>Contacta por e-mail: <a href=\"mailto:agricultura@huete.org\" target=\"_blank\" rel=\"noopener\">agricultura@huete.org<\/a><\/p>\n<p>&nbsp;<\/p>\n<p>&nbsp;<\/p>\n<p><strong>CONCEJALES OPOSICI\u00d3N (GRUPO SOCIALISTA):<\/strong><\/p>\n<p>Juan Parrilla G\u00f3mez<\/p>\n<p>Gema Fuente Astudillo<\/p>\n<p>Esther Ru\u00edz Amor<\/p>\n<p>Raquel Cuesta Triguero<\/p>\n","protected":false},"excerpt":{"rendered":"<p>ALCALDE-PRESIDENTE: Francisco Javier Dom\u00e9nech Mart\u00ednez Contacta por email: alcalde@huete.org;\u00a0 frandomenech@huete.org Twitter: @fran_domenech Facebook: fb.me\/frandomenech Instagram: @fran_domenech2 YouTube: youtube.com\/user\/frandomenech2<\/p>\n","protected":false},"author":1,"featured_media":0,"parent":0,"menu_order":0,"comment_status":"closed","ping_status":"closed","template":"","meta":{"ngg_post_thumbnail":0,"footnotes":""},"class_list":["post-8616","page","type-page","status-publish","hentry"],"_links":{"self":[{"href":"https:\/\/www.huete.org\/wp\/wp-json\/wp\/v2\/pages\/8616","targetHints":{"allow":["GET"]}}],"collection":[{"href":"https:\/\/www.huete.org\/wp\/wp-json\/wp\/v2\/pages"}],"about":[{"href":"https:\/\/www.huete.org\/wp\/wp-json\/wp\/v2\/types\/page"}],"author":[{"embeddable":true,"href":"https:\/\/www.huete.org\/wp\/wp-json\/wp\/v2\/users\/1"}],"replies":[{"embeddable":true,"href":"https:\/\/www.huete.org\/wp\/wp-json\/wp\/v2\/comments?post=8616"}],"version-history":[{"count":30,"href":"https:\/\/www.huete.org\/wp\/wp-json\/wp\/v2\/pages\/8616\/revisions"}],"predecessor-version":[{"id":20627,"href":"https:\/\/www.huete.org\/wp\/wp-json\/wp\/v2\/pages\/8616\/revisions\/20627"}],"wp:attachment":[{"href":"https:\/\/www.huete.org\/wp\/wp-json\/wp\/v2\/media?parent=8616"}],"curies":[{"name":"wp","href":"https:\/\/api.w.org\/{rel}","templated":true}]}}