{"id":8672,"date":"2019-01-11T10:51:28","date_gmt":"2019-01-11T09:51:28","guid":{"rendered":"http:\/\/huete.org\/wp\/?page_id=8672"},"modified":"2019-01-11T10:51:28","modified_gmt":"2019-01-11T09:51:28","slug":"campo-de-futbol-de-tierra","status":"publish","type":"page","link":"https:\/\/www.huete.org\/wp\/campo-de-futbol-de-tierra\/","title":{"rendered":"CAMPO DE FUTBOL DE TIERRA"},"content":{"rendered":"<p class=\"texto\">Fue construido en el a\u0144o 1968. Los usuarios son diversos, desde el C. D Optense, el IESO Ciudad de Luna, la secci\u00f3n de Huete del CRA Campos de la Alcarria, la EFA El Bat\u00e1n hasta fundamentalmente los j\u00f3venes de la localidad. Permanece abierto todo el d\u00eda.<\/p>\n","protected":false},"excerpt":{"rendered":"<p>Fue construido en el a\u0144o 1968. Los usuarios son diversos, desde el C. D Optense, el IESO Ciudad<\/p>\n","protected":false},"author":1,"featured_media":0,"parent":0,"menu_order":0,"comment_status":"closed","ping_status":"closed","template":"","meta":{"ngg_post_thumbnail":0,"footnotes":""},"class_list":["post-8672","page","type-page","status-publish","hentry"],"_links":{"self":[{"href":"https:\/\/www.huete.org\/wp\/wp-json\/wp\/v2\/pages\/8672","targetHints":{"allow":["GET"]}}],"collection":[{"href":"https:\/\/www.huete.org\/wp\/wp-json\/wp\/v2\/pages"}],"about":[{"href":"https:\/\/www.huete.org\/wp\/wp-json\/wp\/v2\/types\/page"}],"author":[{"embeddable":true,"href":"https:\/\/www.huete.org\/wp\/wp-json\/wp\/v2\/users\/1"}],"replies":[{"embeddable":true,"href":"https:\/\/www.huete.org\/wp\/wp-json\/wp\/v2\/comments?post=8672"}],"version-history":[{"count":1,"href":"https:\/\/www.huete.org\/wp\/wp-json\/wp\/v2\/pages\/8672\/revisions"}],"predecessor-version":[{"id":8673,"href":"https:\/\/www.huete.org\/wp\/wp-json\/wp\/v2\/pages\/8672\/revisions\/8673"}],"wp:attachment":[{"href":"https:\/\/www.huete.org\/wp\/wp-json\/wp\/v2\/media?parent=8672"}],"curies":[{"name":"wp","href":"https:\/\/api.w.org\/{rel}","templated":true}]}}