{"id":9004,"date":"2019-01-18T08:00:34","date_gmt":"2019-01-18T07:00:34","guid":{"rendered":"http:\/\/huete.org\/wp\/?page_id=9004"},"modified":"2019-01-18T08:21:26","modified_gmt":"2019-01-18T07:21:26","slug":"centro-de-la-mujer","status":"publish","type":"page","link":"https:\/\/www.huete.org\/wp\/centro-de-la-mujer\/","title":{"rendered":"Centro de la Mujer"},"content":{"rendered":"<p><a href=\"https:\/\/www.huete.org\/wp\/wp-content\/uploads\/2019\/01\/20190117_142810.jpg\"><img fetchpriority=\"high\" decoding=\"async\" class=\"aligncenter size-large wp-image-9005\" src=\"https:\/\/www.huete.org\/wp\/wp-content\/uploads\/2019\/01\/20190117_142810-1024x768.jpg\" alt=\"\" width=\"790\" height=\"593\" srcset=\"https:\/\/www.huete.org\/wp\/wp-content\/uploads\/2019\/01\/20190117_142810-1024x768.jpg 1024w, https:\/\/www.huete.org\/wp\/wp-content\/uploads\/2019\/01\/20190117_142810-300x225.jpg 300w, https:\/\/www.huete.org\/wp\/wp-content\/uploads\/2019\/01\/20190117_142810-768x576.jpg 768w\" sizes=\"(max-width: 790px) 100vw, 790px\" \/><\/a><\/p>\n<p>El Centro de la Mujer del Ayuntamiento de Huete es un recurso gratuito y especializado en violencia de g\u00e9nero que lucha por la implicaci\u00f3n de toda la sociedad en la puesta en marcha de actuaciones orientadas a la consecuci\u00f3n de la igualdad real entre hombres y mujeres en todos los \u00e1mbitos.<\/p>\n<p>Dicho servicio ofrece de manera cercana y confidencial informaci\u00f3n, orientaci\u00f3n y asesoramiento &nbsp;jur\u00eddico, psicol\u00f3gico, social y laboral a todas las mujeres de las 28 localidades que comprenden su demarcaci\u00f3n, incluido Huete; localidad donde &nbsp;encuentran sus instalaciones y en la que se presta su atenci\u00f3n diaria.<\/p>\n<p>Con el fin de impulsar su dinamizaci\u00f3n social&nbsp; tambi\u00e9n se realizan itinerancias semanales en las localidades de Carrascosa del Campo, Torrejoncillo del Rey, Palomares, Gascue\u00f1a y Villas de la Ventosa, &nbsp;adem\u00e1s de otras con car\u00e1cter mensual y a demanda que puedan requerirse, lo que permite acercar el recurso a sus destinatarias &nbsp;y fomentar el empoderamiento y asociacionismo rural.<\/p>\n<p>Otra de sus &nbsp;principales funciones es la sensibilizaci\u00f3n, y por ello &nbsp;entre las distintas y numerosas actividades destacan las tres principales citas con la igualdad: 8 de Marzo D\u00eda de la Mujer, 15 de Octubre Dia Internacional de la Mujer Rural y 25 de Noviembre D\u00eda Internacional de la eliminaci\u00f3n de la Violencia contra la Mujer; y muy especialmente la formaci\u00f3n en coeducaci\u00f3n impartida en los centros educativos.<\/p>\n<p><em>\u00a1Animamos a toda mujer que necesite nuestros servicios que contacte con nosotros!<\/em><\/p>\n<p>Nos encontramos ubicados en el Edificio de la Merced del Ayuntamiento de Huete, &nbsp;Plaza de la Merced, n\u00ba 1, primera planta y nuestro horario de atenci\u00f3n al p\u00fablico es&nbsp; de lunes a viernes de 09:00 a 14:00 y los mi\u00e9rcoles de 17:00 a 19:00.<\/p>\n<p>Tambi\u00e9n pode\u00eds llamarnos al tel\u00e9fono 969 37 20 78, visitar <a href=\"https:\/\/centromujerhuete.wordpress.com\/\" target=\"_blank\" rel=\"noopener\">nuestro Blog <\/a>o seguirnos a trav\u00e9s de nuestra cuenta de <a href=\"https:\/\/twitter.com\/cmujerhuete\" target=\"_blank\" rel=\"noopener\">Twitter<\/a><\/p>\n<p>\u00a1Estaremos encantados\/as de ofrecerle nuestro apoyo!<\/p>\n<p><a href=\"https:\/\/www.huete.org\/wp\/wp-content\/uploads\/2019\/01\/20160811_181118.jpg\"><img decoding=\"async\" class=\"aligncenter size-large wp-image-9006\" src=\"https:\/\/www.huete.org\/wp\/wp-content\/uploads\/2019\/01\/20160811_181118-1024x576.jpg\" alt=\"\" width=\"790\" height=\"444\" srcset=\"https:\/\/www.huete.org\/wp\/wp-content\/uploads\/2019\/01\/20160811_181118-1024x576.jpg 1024w, https:\/\/www.huete.org\/wp\/wp-content\/uploads\/2019\/01\/20160811_181118-300x169.jpg 300w, https:\/\/www.huete.org\/wp\/wp-content\/uploads\/2019\/01\/20160811_181118-768x432.jpg 768w, https:\/\/www.huete.org\/wp\/wp-content\/uploads\/2019\/01\/20160811_181118.jpg 1400w\" sizes=\"(max-width: 790px) 100vw, 790px\" \/><\/a> <a href=\"https:\/\/www.huete.org\/wp\/wp-content\/uploads\/2019\/01\/36063187_10215563292171873_6728558794558668800_o.jpg\"><img decoding=\"async\" class=\"aligncenter size-large wp-image-9007\" src=\"https:\/\/www.huete.org\/wp\/wp-content\/uploads\/2019\/01\/36063187_10215563292171873_6728558794558668800_o.jpg\" alt=\"\" width=\"790\" height=\"593\" srcset=\"https:\/\/www.huete.org\/wp\/wp-content\/uploads\/2019\/01\/36063187_10215563292171873_6728558794558668800_o.jpg 1000w, https:\/\/www.huete.org\/wp\/wp-content\/uploads\/2019\/01\/36063187_10215563292171873_6728558794558668800_o-300x225.jpg 300w, https:\/\/www.huete.org\/wp\/wp-content\/uploads\/2019\/01\/36063187_10215563292171873_6728558794558668800_o-768x576.jpg 768w\" sizes=\"(max-width: 790px) 100vw, 790px\" \/><\/a><\/p>\n","protected":false},"excerpt":{"rendered":"<p>El Centro de la Mujer del Ayuntamiento de Huete es un recurso gratuito y especializado en violencia de<\/p>\n","protected":false},"author":1,"featured_media":0,"parent":0,"menu_order":0,"comment_status":"closed","ping_status":"closed","template":"","meta":{"ngg_post_thumbnail":0,"footnotes":""},"class_list":["post-9004","page","type-page","status-publish","hentry"],"_links":{"self":[{"href":"https:\/\/www.huete.org\/wp\/wp-json\/wp\/v2\/pages\/9004","targetHints":{"allow":["GET"]}}],"collection":[{"href":"https:\/\/www.huete.org\/wp\/wp-json\/wp\/v2\/pages"}],"about":[{"href":"https:\/\/www.huete.org\/wp\/wp-json\/wp\/v2\/types\/page"}],"author":[{"embeddable":true,"href":"https:\/\/www.huete.org\/wp\/wp-json\/wp\/v2\/users\/1"}],"replies":[{"embeddable":true,"href":"https:\/\/www.huete.org\/wp\/wp-json\/wp\/v2\/comments?post=9004"}],"version-history":[{"count":3,"href":"https:\/\/www.huete.org\/wp\/wp-json\/wp\/v2\/pages\/9004\/revisions"}],"predecessor-version":[{"id":9011,"href":"https:\/\/www.huete.org\/wp\/wp-json\/wp\/v2\/pages\/9004\/revisions\/9011"}],"wp:attachment":[{"href":"https:\/\/www.huete.org\/wp\/wp-json\/wp\/v2\/media?parent=9004"}],"curies":[{"name":"wp","href":"https:\/\/api.w.org\/{rel}","templated":true}]}}